{"id":111,"date":"2025-04-03T08:30:21","date_gmt":"2025-04-03T08:30:21","guid":{"rendered":"https:\/\/victoiresoperaparis.ms2.decms.eu\/victoires-opera-paris\/"},"modified":"2025-12-22T09:30:15","modified_gmt":"2025-12-22T09:30:15","slug":"victoires-opera-paris","status":"publish","type":"page","link":"https:\/\/www.hotelvictoiresopera.com\/en\/","title":{"rendered":"H\u00f4tel Victoires Op\u00e9ra Paris"},"content":{"rendered":"<p style=\"text-align: center\">Nestled in the 2nd arrondissement of Paris, H\u00f4tel Victoires Op\u00e9ra welcomes you to Rue Montorgueil, one of the most vibrant and culinary-rich streets in the city. This 4-star hotel offers an elegant atmosphere and a prime location to explore the Louvre, the Op\u00e9ra Garnier, or Les Halles. Whether you&#8217;re here for leisure or business, it\u2019s the perfect, discreet address offering a blend of charm, comfort, and authenticity.<\/p>\n","protected":false},"excerpt":{"rendered":"<p>Nestled in the 2nd arrondissement of Paris, H\u00f4tel Victoires Op\u00e9ra welcomes you to Rue Montorgueil, one of the most vibrant and culinary-rich streets in the city. This 4-star hotel offers an elegant atmosphere and a prime location to explore the Louvre, the Op\u00e9ra Garnier, or Les Halles. Whether you&#8217;re here for leisure or business, it\u2019s [&hellip;]<\/p>\n","protected":false},"author":208,"featured_media":0,"parent":0,"menu_order":0,"comment_status":"closed","ping_status":"closed","template":"","meta":{"footnotes":""},"yoast_head":"<!-- This site is optimized with the Yoast SEO plugin v22.3 - https:\/\/yoast.com\/wordpress\/plugins\/seo\/ -->\n<title>H\u00f4tel Victoires Op\u00e9ra Paris - Victoires Op\u00e9ra Paris<\/title>\n<meta name=\"robots\" content=\"index, follow, max-snippet:-1, max-image-preview:large, max-video-preview:-1\" \/>\n<link rel=\"canonical\" href=\"https:\/\/www.hotelvictoiresopera.com\/en\/\" \/>\n<meta property=\"og:locale\" content=\"en_US\" \/>\n<meta property=\"og:type\" content=\"article\" \/>\n<meta property=\"og:title\" content=\"H\u00f4tel Victoires Op\u00e9ra Paris - Victoires Op\u00e9ra Paris\" \/>\n<meta property=\"og:description\" content=\"Nestled in the 2nd arrondissement of Paris, H\u00f4tel Victoires Op\u00e9ra welcomes you to Rue Montorgueil, one of the most vibrant and culinary-rich streets in the city. This 4-star hotel offers an elegant atmosphere and a prime location to explore the Louvre, the Op\u00e9ra Garnier, or Les Halles. Whether you&#8217;re here for leisure or business, it\u2019s [&hellip;]\" \/>\n<meta property=\"og:url\" content=\"https:\/\/www.hotelvictoiresopera.com\/en\/\" \/>\n<meta property=\"og:site_name\" content=\"Victoires Op\u00e9ra Paris\" \/>\n<meta property=\"article:modified_time\" content=\"2025-12-22T09:30:15+00:00\" \/>\n<meta property=\"og:image\" content=\"https:\/\/www.hotelvictoiresopera.com\/wp-content\/uploads\/sites\/231\/2025\/04\/hotel-victoires-opera-paris-chambre-superieure-deco-chic-2eme-arrondissement.jpg\" \/>\n\t<meta property=\"og:image:width\" content=\"1798\" \/>\n\t<meta property=\"og:image:height\" content=\"1200\" \/>\n\t<meta property=\"og:image:type\" content=\"image\/jpeg\" \/>\n<meta name=\"twitter:card\" content=\"summary_large_image\" \/>\n<meta name=\"twitter:label1\" content=\"Est. reading time\" \/>\n\t<meta name=\"twitter:data1\" content=\"1 minute\" \/>\n<script type=\"application\/ld+json\" class=\"yoast-schema-graph\">{\"@context\":\"https:\/\/schema.org\",\"@graph\":[{\"@type\":\"WebPage\",\"@id\":\"https:\/\/www.hotelvictoiresopera.com\/en\/\",\"url\":\"https:\/\/www.hotelvictoiresopera.com\/en\/\",\"name\":\"H\u00f4tel Victoires Op\u00e9ra Paris - Victoires Op\u00e9ra Paris\",\"isPartOf\":{\"@id\":\"https:\/\/www.hotelvictoiresopera.com\/en\/#website\"},\"datePublished\":\"2025-04-03T08:30:21+00:00\",\"dateModified\":\"2025-12-22T09:30:15+00:00\",\"breadcrumb\":{\"@id\":\"https:\/\/www.hotelvictoiresopera.com\/en\/#breadcrumb\"},\"inLanguage\":\"en-US\",\"potentialAction\":[{\"@type\":\"ReadAction\",\"target\":[\"https:\/\/www.hotelvictoiresopera.com\/en\/\"]}]},{\"@type\":\"BreadcrumbList\",\"@id\":\"https:\/\/www.hotelvictoiresopera.com\/en\/#breadcrumb\",\"itemListElement\":[{\"@type\":\"ListItem\",\"position\":1,\"name\":\"Home\",\"item\":\"https:\/\/www.hotelvictoiresopera.com\/en\/\"},{\"@type\":\"ListItem\",\"position\":2,\"name\":\"H\u00f4tel Victoires Op\u00e9ra Paris\"}]},{\"@type\":\"WebSite\",\"@id\":\"https:\/\/www.hotelvictoiresopera.com\/en\/#website\",\"url\":\"https:\/\/www.hotelvictoiresopera.com\/en\/\",\"name\":\"Victoires Op\u00e9ra Paris\",\"description\":\"\",\"publisher\":{\"@id\":\"https:\/\/www.hotelvictoiresopera.com\/en\/#organization\"},\"potentialAction\":[{\"@type\":\"SearchAction\",\"target\":{\"@type\":\"EntryPoint\",\"urlTemplate\":\"https:\/\/www.hotelvictoiresopera.com\/en\/?s={search_term_string}\"},\"query-input\":\"required name=search_term_string\"}],\"inLanguage\":\"en-US\"},{\"@type\":\"Organization\",\"@id\":\"https:\/\/www.hotelvictoiresopera.com\/en\/#organization\",\"name\":\"Victoires Op\u00e9ra Paris\",\"url\":\"https:\/\/www.hotelvictoiresopera.com\/en\/\",\"logo\":{\"@type\":\"ImageObject\",\"inLanguage\":\"en-US\",\"@id\":\"https:\/\/www.hotelvictoiresopera.com\/en\/#\/schema\/logo\/image\/\",\"url\":\"https:\/\/www.hotelvictoiresopera.com\/wp-content\/uploads\/sites\/231\/2025\/04\/logo-gris-hotel-victoires-opera-paris.png\",\"contentUrl\":\"https:\/\/www.hotelvictoiresopera.com\/wp-content\/uploads\/sites\/231\/2025\/04\/logo-gris-hotel-victoires-opera-paris.png\",\"width\":2000,\"height\":1000,\"caption\":\"Victoires Op\u00e9ra Paris\"},\"image\":{\"@id\":\"https:\/\/www.hotelvictoiresopera.com\/en\/#\/schema\/logo\/image\/\"}}]}<\/script>\n<!-- \/ Yoast SEO plugin. -->","yoast_head_json":{"title":"H\u00f4tel Victoires Op\u00e9ra Paris - Victoires Op\u00e9ra Paris","robots":{"index":"index","follow":"follow","max-snippet":"max-snippet:-1","max-image-preview":"max-image-preview:large","max-video-preview":"max-video-preview:-1"},"canonical":"https:\/\/www.hotelvictoiresopera.com\/en\/","og_locale":"en_US","og_type":"article","og_title":"H\u00f4tel Victoires Op\u00e9ra Paris - Victoires Op\u00e9ra Paris","og_description":"Nestled in the 2nd arrondissement of Paris, H\u00f4tel Victoires Op\u00e9ra welcomes you to Rue Montorgueil, one of the most vibrant and culinary-rich streets in the city. This 4-star hotel offers an elegant atmosphere and a prime location to explore the Louvre, the Op\u00e9ra Garnier, or Les Halles. Whether you&#8217;re here for leisure or business, it\u2019s [&hellip;]","og_url":"https:\/\/www.hotelvictoiresopera.com\/en\/","og_site_name":"Victoires Op\u00e9ra Paris","article_modified_time":"2025-12-22T09:30:15+00:00","og_image":[{"width":1798,"height":1200,"url":"https:\/\/www.hotelvictoiresopera.com\/wp-content\/uploads\/sites\/231\/2025\/04\/hotel-victoires-opera-paris-chambre-superieure-deco-chic-2eme-arrondissement.jpg","type":"image\/jpeg"}],"twitter_card":"summary_large_image","twitter_misc":{"Est. reading time":"1 minute"},"schema":{"@context":"https:\/\/schema.org","@graph":[{"@type":"WebPage","@id":"https:\/\/www.hotelvictoiresopera.com\/en\/","url":"https:\/\/www.hotelvictoiresopera.com\/en\/","name":"H\u00f4tel Victoires Op\u00e9ra Paris - Victoires Op\u00e9ra Paris","isPartOf":{"@id":"https:\/\/www.hotelvictoiresopera.com\/en\/#website"},"datePublished":"2025-04-03T08:30:21+00:00","dateModified":"2025-12-22T09:30:15+00:00","breadcrumb":{"@id":"https:\/\/www.hotelvictoiresopera.com\/en\/#breadcrumb"},"inLanguage":"en-US","potentialAction":[{"@type":"ReadAction","target":["https:\/\/www.hotelvictoiresopera.com\/en\/"]}]},{"@type":"BreadcrumbList","@id":"https:\/\/www.hotelvictoiresopera.com\/en\/#breadcrumb","itemListElement":[{"@type":"ListItem","position":1,"name":"Home","item":"https:\/\/www.hotelvictoiresopera.com\/en\/"},{"@type":"ListItem","position":2,"name":"H\u00f4tel Victoires Op\u00e9ra Paris"}]},{"@type":"WebSite","@id":"https:\/\/www.hotelvictoiresopera.com\/en\/#website","url":"https:\/\/www.hotelvictoiresopera.com\/en\/","name":"Victoires Op\u00e9ra Paris","description":"","publisher":{"@id":"https:\/\/www.hotelvictoiresopera.com\/en\/#organization"},"potentialAction":[{"@type":"SearchAction","target":{"@type":"EntryPoint","urlTemplate":"https:\/\/www.hotelvictoiresopera.com\/en\/?s={search_term_string}"},"query-input":"required name=search_term_string"}],"inLanguage":"en-US"},{"@type":"Organization","@id":"https:\/\/www.hotelvictoiresopera.com\/en\/#organization","name":"Victoires Op\u00e9ra Paris","url":"https:\/\/www.hotelvictoiresopera.com\/en\/","logo":{"@type":"ImageObject","inLanguage":"en-US","@id":"https:\/\/www.hotelvictoiresopera.com\/en\/#\/schema\/logo\/image\/","url":"https:\/\/www.hotelvictoiresopera.com\/wp-content\/uploads\/sites\/231\/2025\/04\/logo-gris-hotel-victoires-opera-paris.png","contentUrl":"https:\/\/www.hotelvictoiresopera.com\/wp-content\/uploads\/sites\/231\/2025\/04\/logo-gris-hotel-victoires-opera-paris.png","width":2000,"height":1000,"caption":"Victoires Op\u00e9ra Paris"},"image":{"@id":"https:\/\/www.hotelvictoiresopera.com\/en\/#\/schema\/logo\/image\/"}}]}},"acf":[],"_links":{"self":[{"href":"https:\/\/www.hotelvictoiresopera.com\/en\/wp-json\/wp\/v2\/pages\/111"}],"collection":[{"href":"https:\/\/www.hotelvictoiresopera.com\/en\/wp-json\/wp\/v2\/pages"}],"about":[{"href":"https:\/\/www.hotelvictoiresopera.com\/en\/wp-json\/wp\/v2\/types\/page"}],"author":[{"embeddable":true,"href":"https:\/\/www.hotelvictoiresopera.com\/en\/wp-json\/wp\/v2\/users\/208"}],"replies":[{"embeddable":true,"href":"https:\/\/www.hotelvictoiresopera.com\/en\/wp-json\/wp\/v2\/comments?post=111"}],"version-history":[{"count":0,"href":"https:\/\/www.hotelvictoiresopera.com\/en\/wp-json\/wp\/v2\/pages\/111\/revisions"}],"wp:attachment":[{"href":"https:\/\/www.hotelvictoiresopera.com\/en\/wp-json\/wp\/v2\/media?parent=111"}],"curies":[{"name":"wp","href":"https:\/\/api.w.org\/{rel}","templated":true}]}}