{"id":131,"date":"2025-04-07T11:58:36","date_gmt":"2025-04-07T11:58:36","guid":{"rendered":"https:\/\/victoiresoperaparis.ms2.decms.eu\/decouvrez-paris-depuis-notre-hotel\/"},"modified":"2025-04-18T13:36:16","modified_gmt":"2025-04-18T13:36:16","slug":"discover-paris-from-our-hotel","status":"publish","type":"page","link":"https:\/\/www.hotelvictoiresopera.com\/en\/discover-paris-from-our-hotel\/","title":{"rendered":"Discover Paris from Our Hotel"},"content":{"rendered":"<p style=\"text-align: center;\">Thanks to its exceptional location, H\u00f4tel Victoires Op\u00e9ra allows you to easily walk to Paris&#8217;s most iconic cultural sites: the Louvre, the Centre Pompidou, the Op\u00e9ra Garnier, the Palais Royal, and the Bourse de Commerce. Immerse yourself in the heart of the history and heritage of the City of Light, where every street corner tells the story of Paris<\/p>\n","protected":false},"excerpt":{"rendered":"<p>Thanks to its exceptional location, H\u00f4tel Victoires Op\u00e9ra allows you to easily walk to Paris&#8217;s most iconic cultural sites: the Louvre, the Centre Pompidou, the Op\u00e9ra Garnier, the Palais Royal, and the Bourse de Commerce. Immerse yourself in the heart of the history and heritage of the City of Light, where every street corner tells [&hellip;]<\/p>\n","protected":false},"author":124,"featured_media":0,"parent":0,"menu_order":0,"comment_status":"closed","ping_status":"closed","template":"template-surroundings.php","meta":{"footnotes":""},"class_list":["post-131","page","type-page","status-publish","hentry"],"yoast_head":"<!-- This site is optimized with the Yoast SEO plugin v27.3 - https:\/\/yoast.com\/product\/yoast-seo-wordpress\/ -->\n<title>Discover Paris from Our Hotel - Victoires Op\u00e9ra Paris<\/title>\n<meta name=\"robots\" content=\"index, follow, max-snippet:-1, max-image-preview:large, max-video-preview:-1\" \/>\n<link rel=\"canonical\" href=\"https:\/\/www.hotelvictoiresopera.com\/en\/discover-paris-from-our-hotel\/\" \/>\n<meta property=\"og:locale\" content=\"en_US\" \/>\n<meta property=\"og:type\" content=\"article\" \/>\n<meta property=\"og:title\" content=\"Discover Paris from Our Hotel - Victoires Op\u00e9ra Paris\" \/>\n<meta property=\"og:description\" content=\"Thanks to its exceptional location, H\u00f4tel Victoires Op\u00e9ra allows you to easily walk to Paris&#8217;s most iconic cultural sites: the Louvre, the Centre Pompidou, the Op\u00e9ra Garnier, the Palais Royal, and the Bourse de Commerce. Immerse yourself in the heart of the history and heritage of the City of Light, where every street corner tells [&hellip;]\" \/>\n<meta property=\"og:url\" content=\"https:\/\/www.hotelvictoiresopera.com\/en\/discover-paris-from-our-hotel\/\" \/>\n<meta property=\"og:site_name\" content=\"Victoires Op\u00e9ra Paris\" \/>\n<meta property=\"article:modified_time\" content=\"2025-04-18T13:36:16+00:00\" \/>\n<meta property=\"og:image\" content=\"https:\/\/www.hotelvictoiresopera.com\/wp-content\/uploads\/sites\/231\/2025\/04\/hotel-victoires-opera-paris-chambre-superieure-deco-chic-2eme-arrondissement.jpg\" \/>\n\t<meta property=\"og:image:width\" content=\"1798\" \/>\n\t<meta property=\"og:image:height\" content=\"1200\" \/>\n\t<meta property=\"og:image:type\" content=\"image\/jpeg\" \/>\n<meta name=\"twitter:card\" content=\"summary_large_image\" \/>\n<meta name=\"twitter:label1\" content=\"Est. reading time\" \/>\n\t<meta name=\"twitter:data1\" content=\"1 minute\" \/>\n<script type=\"application\/ld+json\" class=\"yoast-schema-graph\">{\"@context\":\"https:\\\/\\\/schema.org\",\"@graph\":[{\"@type\":\"WebPage\",\"@id\":\"https:\\\/\\\/www.hotelvictoiresopera.com\\\/en\\\/discover-paris-from-our-hotel\\\/\",\"url\":\"https:\\\/\\\/www.hotelvictoiresopera.com\\\/en\\\/discover-paris-from-our-hotel\\\/\",\"name\":\"Discover Paris from Our Hotel - Victoires Op\u00e9ra Paris\",\"isPartOf\":{\"@id\":\"https:\\\/\\\/www.hotelvictoiresopera.com\\\/en\\\/#website\"},\"datePublished\":\"2025-04-07T11:58:36+00:00\",\"dateModified\":\"2025-04-18T13:36:16+00:00\",\"breadcrumb\":{\"@id\":\"https:\\\/\\\/www.hotelvictoiresopera.com\\\/en\\\/discover-paris-from-our-hotel\\\/#breadcrumb\"},\"inLanguage\":\"en-US\",\"potentialAction\":[{\"@type\":\"ReadAction\",\"target\":[\"https:\\\/\\\/www.hotelvictoiresopera.com\\\/en\\\/discover-paris-from-our-hotel\\\/\"]}]},{\"@type\":\"BreadcrumbList\",\"@id\":\"https:\\\/\\\/www.hotelvictoiresopera.com\\\/en\\\/discover-paris-from-our-hotel\\\/#breadcrumb\",\"itemListElement\":[{\"@type\":\"ListItem\",\"position\":1,\"name\":\"Home\",\"item\":\"https:\\\/\\\/www.hotelvictoiresopera.com\\\/en\\\/\"},{\"@type\":\"ListItem\",\"position\":2,\"name\":\"Discover Paris from Our Hotel\"}]},{\"@type\":\"WebSite\",\"@id\":\"https:\\\/\\\/www.hotelvictoiresopera.com\\\/en\\\/#website\",\"url\":\"https:\\\/\\\/www.hotelvictoiresopera.com\\\/en\\\/\",\"name\":\"Victoires Op\u00e9ra Paris\",\"description\":\"\",\"publisher\":{\"@id\":\"https:\\\/\\\/www.hotelvictoiresopera.com\\\/en\\\/#organization\"},\"potentialAction\":[{\"@type\":\"SearchAction\",\"target\":{\"@type\":\"EntryPoint\",\"urlTemplate\":\"https:\\\/\\\/www.hotelvictoiresopera.com\\\/en\\\/?s={search_term_string}\"},\"query-input\":{\"@type\":\"PropertyValueSpecification\",\"valueRequired\":true,\"valueName\":\"search_term_string\"}}],\"inLanguage\":\"en-US\"},{\"@type\":\"Organization\",\"@id\":\"https:\\\/\\\/www.hotelvictoiresopera.com\\\/en\\\/#organization\",\"name\":\"Victoires Op\u00e9ra Paris\",\"url\":\"https:\\\/\\\/www.hotelvictoiresopera.com\\\/en\\\/\",\"logo\":{\"@type\":\"ImageObject\",\"inLanguage\":\"en-US\",\"@id\":\"https:\\\/\\\/www.hotelvictoiresopera.com\\\/en\\\/#\\\/schema\\\/logo\\\/image\\\/\",\"url\":\"https:\\\/\\\/www.hotelvictoiresopera.com\\\/wp-content\\\/uploads\\\/sites\\\/231\\\/2025\\\/04\\\/logo-gris-hotel-victoires-opera-paris.png\",\"contentUrl\":\"https:\\\/\\\/www.hotelvictoiresopera.com\\\/wp-content\\\/uploads\\\/sites\\\/231\\\/2025\\\/04\\\/logo-gris-hotel-victoires-opera-paris.png\",\"width\":2000,\"height\":1000,\"caption\":\"Victoires Op\u00e9ra Paris\"},\"image\":{\"@id\":\"https:\\\/\\\/www.hotelvictoiresopera.com\\\/en\\\/#\\\/schema\\\/logo\\\/image\\\/\"}}]}<\/script>\n<!-- \/ Yoast SEO plugin. -->","yoast_head_json":{"title":"Discover Paris from Our Hotel - Victoires Op\u00e9ra Paris","robots":{"index":"index","follow":"follow","max-snippet":"max-snippet:-1","max-image-preview":"max-image-preview:large","max-video-preview":"max-video-preview:-1"},"canonical":"https:\/\/www.hotelvictoiresopera.com\/en\/discover-paris-from-our-hotel\/","og_locale":"en_US","og_type":"article","og_title":"Discover Paris from Our Hotel - Victoires Op\u00e9ra Paris","og_description":"Thanks to its exceptional location, H\u00f4tel Victoires Op\u00e9ra allows you to easily walk to Paris&#8217;s most iconic cultural sites: the Louvre, the Centre Pompidou, the Op\u00e9ra Garnier, the Palais Royal, and the Bourse de Commerce. Immerse yourself in the heart of the history and heritage of the City of Light, where every street corner tells [&hellip;]","og_url":"https:\/\/www.hotelvictoiresopera.com\/en\/discover-paris-from-our-hotel\/","og_site_name":"Victoires Op\u00e9ra Paris","article_modified_time":"2025-04-18T13:36:16+00:00","og_image":[{"width":1798,"height":1200,"url":"https:\/\/www.hotelvictoiresopera.com\/wp-content\/uploads\/sites\/231\/2025\/04\/hotel-victoires-opera-paris-chambre-superieure-deco-chic-2eme-arrondissement.jpg","type":"image\/jpeg"}],"twitter_card":"summary_large_image","twitter_misc":{"Est. reading time":"1 minute"},"schema":{"@context":"https:\/\/schema.org","@graph":[{"@type":"WebPage","@id":"https:\/\/www.hotelvictoiresopera.com\/en\/discover-paris-from-our-hotel\/","url":"https:\/\/www.hotelvictoiresopera.com\/en\/discover-paris-from-our-hotel\/","name":"Discover Paris from Our Hotel - Victoires Op\u00e9ra Paris","isPartOf":{"@id":"https:\/\/www.hotelvictoiresopera.com\/en\/#website"},"datePublished":"2025-04-07T11:58:36+00:00","dateModified":"2025-04-18T13:36:16+00:00","breadcrumb":{"@id":"https:\/\/www.hotelvictoiresopera.com\/en\/discover-paris-from-our-hotel\/#breadcrumb"},"inLanguage":"en-US","potentialAction":[{"@type":"ReadAction","target":["https:\/\/www.hotelvictoiresopera.com\/en\/discover-paris-from-our-hotel\/"]}]},{"@type":"BreadcrumbList","@id":"https:\/\/www.hotelvictoiresopera.com\/en\/discover-paris-from-our-hotel\/#breadcrumb","itemListElement":[{"@type":"ListItem","position":1,"name":"Home","item":"https:\/\/www.hotelvictoiresopera.com\/en\/"},{"@type":"ListItem","position":2,"name":"Discover Paris from Our Hotel"}]},{"@type":"WebSite","@id":"https:\/\/www.hotelvictoiresopera.com\/en\/#website","url":"https:\/\/www.hotelvictoiresopera.com\/en\/","name":"Victoires Op\u00e9ra Paris","description":"","publisher":{"@id":"https:\/\/www.hotelvictoiresopera.com\/en\/#organization"},"potentialAction":[{"@type":"SearchAction","target":{"@type":"EntryPoint","urlTemplate":"https:\/\/www.hotelvictoiresopera.com\/en\/?s={search_term_string}"},"query-input":{"@type":"PropertyValueSpecification","valueRequired":true,"valueName":"search_term_string"}}],"inLanguage":"en-US"},{"@type":"Organization","@id":"https:\/\/www.hotelvictoiresopera.com\/en\/#organization","name":"Victoires Op\u00e9ra Paris","url":"https:\/\/www.hotelvictoiresopera.com\/en\/","logo":{"@type":"ImageObject","inLanguage":"en-US","@id":"https:\/\/www.hotelvictoiresopera.com\/en\/#\/schema\/logo\/image\/","url":"https:\/\/www.hotelvictoiresopera.com\/wp-content\/uploads\/sites\/231\/2025\/04\/logo-gris-hotel-victoires-opera-paris.png","contentUrl":"https:\/\/www.hotelvictoiresopera.com\/wp-content\/uploads\/sites\/231\/2025\/04\/logo-gris-hotel-victoires-opera-paris.png","width":2000,"height":1000,"caption":"Victoires Op\u00e9ra Paris"},"image":{"@id":"https:\/\/www.hotelvictoiresopera.com\/en\/#\/schema\/logo\/image\/"}}]}},"acf":[],"_links":{"self":[{"href":"https:\/\/www.hotelvictoiresopera.com\/en\/wp-json\/wp\/v2\/pages\/131","targetHints":{"allow":["GET"]}}],"collection":[{"href":"https:\/\/www.hotelvictoiresopera.com\/en\/wp-json\/wp\/v2\/pages"}],"about":[{"href":"https:\/\/www.hotelvictoiresopera.com\/en\/wp-json\/wp\/v2\/types\/page"}],"author":[{"embeddable":true,"href":"https:\/\/www.hotelvictoiresopera.com\/en\/wp-json\/wp\/v2\/users\/124"}],"replies":[{"embeddable":true,"href":"https:\/\/www.hotelvictoiresopera.com\/en\/wp-json\/wp\/v2\/comments?post=131"}],"version-history":[{"count":0,"href":"https:\/\/www.hotelvictoiresopera.com\/en\/wp-json\/wp\/v2\/pages\/131\/revisions"}],"wp:attachment":[{"href":"https:\/\/www.hotelvictoiresopera.com\/en\/wp-json\/wp\/v2\/media?parent=131"}],"curies":[{"name":"wp","href":"https:\/\/api.w.org\/{rel}","templated":true}]}}