{"id":132,"date":"2025-04-07T12:08:26","date_gmt":"2025-04-07T12:08:26","guid":{"rendered":"https:\/\/victoiresoperaparis.ms2.decms.eu\/galerie-photos\/"},"modified":"2025-04-18T13:38:10","modified_gmt":"2025-04-18T13:38:10","slug":"photo-gallery","status":"publish","type":"page","link":"https:\/\/www.hotelvictoiresopera.com\/en\/photo-gallery\/","title":{"rendered":"Photo Gallery"},"content":{"rendered":"<p>Discover the elegant and warm atmosphere of H\u00f4tel Victoires Op\u00e9ra through our curated selection of photos. Rooms, common areas, architectural details, and views of the Montorgueil neighborhood: let yourself be inspired even before your arrival in Paris.<\/p>\n","protected":false},"excerpt":{"rendered":"<p>Discover the elegant and warm atmosphere of H\u00f4tel Victoires Op\u00e9ra through our curated selection of photos. Rooms, common areas, architectural details, and views of the Montorgueil neighborhood: let yourself be inspired even before your arrival in Paris.<\/p>\n","protected":false},"author":124,"featured_media":0,"parent":0,"menu_order":0,"comment_status":"closed","ping_status":"closed","template":"template-gallery.php","meta":{"footnotes":""},"class_list":["post-132","page","type-page","status-publish","hentry"],"yoast_head":"<!-- This site is optimized with the Yoast SEO plugin v27.3 - https:\/\/yoast.com\/product\/yoast-seo-wordpress\/ -->\n<title>Photo Gallery - Victoires Op\u00e9ra Paris<\/title>\n<meta name=\"robots\" content=\"index, follow, max-snippet:-1, max-image-preview:large, max-video-preview:-1\" \/>\n<link rel=\"canonical\" href=\"https:\/\/www.hotelvictoiresopera.com\/en\/photo-gallery\/\" \/>\n<meta property=\"og:locale\" content=\"en_US\" \/>\n<meta property=\"og:type\" content=\"article\" \/>\n<meta property=\"og:title\" content=\"Photo Gallery - Victoires Op\u00e9ra Paris\" \/>\n<meta property=\"og:description\" content=\"Discover the elegant and warm atmosphere of H\u00f4tel Victoires Op\u00e9ra through our curated selection of photos. Rooms, common areas, architectural details, and views of the Montorgueil neighborhood: let yourself be inspired even before your arrival in Paris.\" \/>\n<meta property=\"og:url\" content=\"https:\/\/www.hotelvictoiresopera.com\/en\/photo-gallery\/\" \/>\n<meta property=\"og:site_name\" content=\"Victoires Op\u00e9ra Paris\" \/>\n<meta property=\"article:modified_time\" content=\"2025-04-18T13:38:10+00:00\" \/>\n<meta property=\"og:image\" content=\"https:\/\/www.hotelvictoiresopera.com\/wp-content\/uploads\/sites\/231\/2025\/04\/hotel-victoires-opera-paris-chambre-superieure-deco-chic-2eme-arrondissement.jpg\" \/>\n\t<meta property=\"og:image:width\" content=\"1798\" \/>\n\t<meta property=\"og:image:height\" content=\"1200\" \/>\n\t<meta property=\"og:image:type\" content=\"image\/jpeg\" \/>\n<meta name=\"twitter:card\" content=\"summary_large_image\" \/>\n<meta name=\"twitter:label1\" content=\"Est. reading time\" \/>\n\t<meta name=\"twitter:data1\" content=\"1 minute\" \/>\n<script type=\"application\/ld+json\" class=\"yoast-schema-graph\">{\"@context\":\"https:\\\/\\\/schema.org\",\"@graph\":[{\"@type\":\"WebPage\",\"@id\":\"https:\\\/\\\/www.hotelvictoiresopera.com\\\/en\\\/photo-gallery\\\/\",\"url\":\"https:\\\/\\\/www.hotelvictoiresopera.com\\\/en\\\/photo-gallery\\\/\",\"name\":\"Photo Gallery - Victoires Op\u00e9ra Paris\",\"isPartOf\":{\"@id\":\"https:\\\/\\\/www.hotelvictoiresopera.com\\\/en\\\/#website\"},\"datePublished\":\"2025-04-07T12:08:26+00:00\",\"dateModified\":\"2025-04-18T13:38:10+00:00\",\"breadcrumb\":{\"@id\":\"https:\\\/\\\/www.hotelvictoiresopera.com\\\/en\\\/photo-gallery\\\/#breadcrumb\"},\"inLanguage\":\"en-US\",\"potentialAction\":[{\"@type\":\"ReadAction\",\"target\":[\"https:\\\/\\\/www.hotelvictoiresopera.com\\\/en\\\/photo-gallery\\\/\"]}]},{\"@type\":\"BreadcrumbList\",\"@id\":\"https:\\\/\\\/www.hotelvictoiresopera.com\\\/en\\\/photo-gallery\\\/#breadcrumb\",\"itemListElement\":[{\"@type\":\"ListItem\",\"position\":1,\"name\":\"Home\",\"item\":\"https:\\\/\\\/www.hotelvictoiresopera.com\\\/en\\\/\"},{\"@type\":\"ListItem\",\"position\":2,\"name\":\"Photo Gallery\"}]},{\"@type\":\"WebSite\",\"@id\":\"https:\\\/\\\/www.hotelvictoiresopera.com\\\/en\\\/#website\",\"url\":\"https:\\\/\\\/www.hotelvictoiresopera.com\\\/en\\\/\",\"name\":\"Victoires Op\u00e9ra Paris\",\"description\":\"\",\"publisher\":{\"@id\":\"https:\\\/\\\/www.hotelvictoiresopera.com\\\/en\\\/#organization\"},\"potentialAction\":[{\"@type\":\"SearchAction\",\"target\":{\"@type\":\"EntryPoint\",\"urlTemplate\":\"https:\\\/\\\/www.hotelvictoiresopera.com\\\/en\\\/?s={search_term_string}\"},\"query-input\":{\"@type\":\"PropertyValueSpecification\",\"valueRequired\":true,\"valueName\":\"search_term_string\"}}],\"inLanguage\":\"en-US\"},{\"@type\":\"Organization\",\"@id\":\"https:\\\/\\\/www.hotelvictoiresopera.com\\\/en\\\/#organization\",\"name\":\"Victoires Op\u00e9ra Paris\",\"url\":\"https:\\\/\\\/www.hotelvictoiresopera.com\\\/en\\\/\",\"logo\":{\"@type\":\"ImageObject\",\"inLanguage\":\"en-US\",\"@id\":\"https:\\\/\\\/www.hotelvictoiresopera.com\\\/en\\\/#\\\/schema\\\/logo\\\/image\\\/\",\"url\":\"https:\\\/\\\/www.hotelvictoiresopera.com\\\/wp-content\\\/uploads\\\/sites\\\/231\\\/2025\\\/04\\\/logo-gris-hotel-victoires-opera-paris.png\",\"contentUrl\":\"https:\\\/\\\/www.hotelvictoiresopera.com\\\/wp-content\\\/uploads\\\/sites\\\/231\\\/2025\\\/04\\\/logo-gris-hotel-victoires-opera-paris.png\",\"width\":2000,\"height\":1000,\"caption\":\"Victoires Op\u00e9ra Paris\"},\"image\":{\"@id\":\"https:\\\/\\\/www.hotelvictoiresopera.com\\\/en\\\/#\\\/schema\\\/logo\\\/image\\\/\"}}]}<\/script>\n<!-- \/ Yoast SEO plugin. -->","yoast_head_json":{"title":"Photo Gallery - Victoires Op\u00e9ra Paris","robots":{"index":"index","follow":"follow","max-snippet":"max-snippet:-1","max-image-preview":"max-image-preview:large","max-video-preview":"max-video-preview:-1"},"canonical":"https:\/\/www.hotelvictoiresopera.com\/en\/photo-gallery\/","og_locale":"en_US","og_type":"article","og_title":"Photo Gallery - Victoires Op\u00e9ra Paris","og_description":"Discover the elegant and warm atmosphere of H\u00f4tel Victoires Op\u00e9ra through our curated selection of photos. Rooms, common areas, architectural details, and views of the Montorgueil neighborhood: let yourself be inspired even before your arrival in Paris.","og_url":"https:\/\/www.hotelvictoiresopera.com\/en\/photo-gallery\/","og_site_name":"Victoires Op\u00e9ra Paris","article_modified_time":"2025-04-18T13:38:10+00:00","og_image":[{"width":1798,"height":1200,"url":"https:\/\/www.hotelvictoiresopera.com\/wp-content\/uploads\/sites\/231\/2025\/04\/hotel-victoires-opera-paris-chambre-superieure-deco-chic-2eme-arrondissement.jpg","type":"image\/jpeg"}],"twitter_card":"summary_large_image","twitter_misc":{"Est. reading time":"1 minute"},"schema":{"@context":"https:\/\/schema.org","@graph":[{"@type":"WebPage","@id":"https:\/\/www.hotelvictoiresopera.com\/en\/photo-gallery\/","url":"https:\/\/www.hotelvictoiresopera.com\/en\/photo-gallery\/","name":"Photo Gallery - Victoires Op\u00e9ra Paris","isPartOf":{"@id":"https:\/\/www.hotelvictoiresopera.com\/en\/#website"},"datePublished":"2025-04-07T12:08:26+00:00","dateModified":"2025-04-18T13:38:10+00:00","breadcrumb":{"@id":"https:\/\/www.hotelvictoiresopera.com\/en\/photo-gallery\/#breadcrumb"},"inLanguage":"en-US","potentialAction":[{"@type":"ReadAction","target":["https:\/\/www.hotelvictoiresopera.com\/en\/photo-gallery\/"]}]},{"@type":"BreadcrumbList","@id":"https:\/\/www.hotelvictoiresopera.com\/en\/photo-gallery\/#breadcrumb","itemListElement":[{"@type":"ListItem","position":1,"name":"Home","item":"https:\/\/www.hotelvictoiresopera.com\/en\/"},{"@type":"ListItem","position":2,"name":"Photo Gallery"}]},{"@type":"WebSite","@id":"https:\/\/www.hotelvictoiresopera.com\/en\/#website","url":"https:\/\/www.hotelvictoiresopera.com\/en\/","name":"Victoires Op\u00e9ra Paris","description":"","publisher":{"@id":"https:\/\/www.hotelvictoiresopera.com\/en\/#organization"},"potentialAction":[{"@type":"SearchAction","target":{"@type":"EntryPoint","urlTemplate":"https:\/\/www.hotelvictoiresopera.com\/en\/?s={search_term_string}"},"query-input":{"@type":"PropertyValueSpecification","valueRequired":true,"valueName":"search_term_string"}}],"inLanguage":"en-US"},{"@type":"Organization","@id":"https:\/\/www.hotelvictoiresopera.com\/en\/#organization","name":"Victoires Op\u00e9ra Paris","url":"https:\/\/www.hotelvictoiresopera.com\/en\/","logo":{"@type":"ImageObject","inLanguage":"en-US","@id":"https:\/\/www.hotelvictoiresopera.com\/en\/#\/schema\/logo\/image\/","url":"https:\/\/www.hotelvictoiresopera.com\/wp-content\/uploads\/sites\/231\/2025\/04\/logo-gris-hotel-victoires-opera-paris.png","contentUrl":"https:\/\/www.hotelvictoiresopera.com\/wp-content\/uploads\/sites\/231\/2025\/04\/logo-gris-hotel-victoires-opera-paris.png","width":2000,"height":1000,"caption":"Victoires Op\u00e9ra Paris"},"image":{"@id":"https:\/\/www.hotelvictoiresopera.com\/en\/#\/schema\/logo\/image\/"}}]}},"acf":[],"_links":{"self":[{"href":"https:\/\/www.hotelvictoiresopera.com\/en\/wp-json\/wp\/v2\/pages\/132","targetHints":{"allow":["GET"]}}],"collection":[{"href":"https:\/\/www.hotelvictoiresopera.com\/en\/wp-json\/wp\/v2\/pages"}],"about":[{"href":"https:\/\/www.hotelvictoiresopera.com\/en\/wp-json\/wp\/v2\/types\/page"}],"author":[{"embeddable":true,"href":"https:\/\/www.hotelvictoiresopera.com\/en\/wp-json\/wp\/v2\/users\/124"}],"replies":[{"embeddable":true,"href":"https:\/\/www.hotelvictoiresopera.com\/en\/wp-json\/wp\/v2\/comments?post=132"}],"version-history":[{"count":0,"href":"https:\/\/www.hotelvictoiresopera.com\/en\/wp-json\/wp\/v2\/pages\/132\/revisions"}],"wp:attachment":[{"href":"https:\/\/www.hotelvictoiresopera.com\/en\/wp-json\/wp\/v2\/media?parent=132"}],"curies":[{"name":"wp","href":"https:\/\/api.w.org\/{rel}","templated":true}]}}